{"id":1161,"date":"2021-12-13T09:28:45","date_gmt":"2021-12-13T09:28:45","guid":{"rendered":"https:\/\/knockout.qodeinteractive.com\/?page_id=1161"},"modified":"2022-07-18T10:29:46","modified_gmt":"2022-07-18T10:29:46","slug":"about-us","status":"publish","type":"page","link":"https:\/\/lazcoachboxing.com.tr\/index.php\/about-us\/","title":{"rendered":"HAKKIMIZDA"},"content":{"rendered":"\t\t<div data-elementor-type=\"wp-page\" data-elementor-id=\"1161\" class=\"elementor elementor-1161\">\n\t\t\t\t\t\t\t\t\t<section class=\"elementor-section elementor-top-section elementor-element elementor-element-1506a465 elementor-section-boxed elementor-section-height-default elementor-section-height-default qodef-elementor-content-no\" data-id=\"1506a465\" data-element_type=\"section\">\n\t\t\t\t\t\t<div class=\"elementor-container elementor-column-gap-default\">\n\t\t\t\t\t<div class=\"elementor-column elementor-col-100 elementor-top-column elementor-element elementor-element-60957a55\" data-id=\"60957a55\" data-element_type=\"column\">\n\t\t\t<div class=\"elementor-widget-wrap elementor-element-populated\">\n\t\t\t\t\t\t\t\t<div class=\"elementor-element elementor-element-a92b4bb elementor-widget elementor-widget-text-editor\" data-id=\"a92b4bb\" data-element_type=\"widget\" data-widget_type=\"text-editor.default\">\n\t\t\t\t<div class=\"elementor-widget-container\">\n\t\t\t<style>\/*! elementor - v3.6.7 - 03-07-2022 *\/\n.elementor-widget-text-editor.elementor-drop-cap-view-stacked .elementor-drop-cap{background-color:#818a91;color:#fff}.elementor-widget-text-editor.elementor-drop-cap-view-framed .elementor-drop-cap{color:#818a91;border:3px solid;background-color:transparent}.elementor-widget-text-editor:not(.elementor-drop-cap-view-default) .elementor-drop-cap{margin-top:8px}.elementor-widget-text-editor:not(.elementor-drop-cap-view-default) .elementor-drop-cap-letter{width:1em;height:1em}.elementor-widget-text-editor .elementor-drop-cap{float:left;text-align:center;line-height:1;font-size:50px}.elementor-widget-text-editor .elementor-drop-cap-letter{display:inline-block}<\/style>\t\t\t\t<p><style>\/*! elementor - v3.5.5 - 03-02-2022 *\/<br \/>.elementor-heading-title{padding:0;margin:0;line-height:1}.elementor-widget-heading .elementor-heading-title[class*=elementor-size-]>a{color:inherit;font-size:inherit;line-height:inherit}.elementor-widget-heading .elementor-heading-title.elementor-size-small{font-size:15px}.elementor-widget-heading .elementor-heading-title.elementor-size-medium{font-size:19px}.elementor-widget-heading .elementor-heading-title.elementor-size-large{font-size:29px}.elementor-widget-heading .elementor-heading-title.elementor-size-xl{font-size:39px}.elementor-widget-heading .elementor-heading-title.elementor-size-xxl{font-size:59px}<\/style><\/p><h2><span style=\"font-weight: normal; color: #ffffff;\">B\u0130YOGRAF\u0130<\/span><\/h2><p>Aslen Trabzonlu olan Laz Coach 20.000 saatin \u00fczerinde antren\u00f6rl\u00fck tecr\u00fcbesine sahip ve binlerce sporcu yeti\u015ftirmi\u015ftir.<\/p><p>Boksun sadece fiziksel etki &#8211; tepkiden ibaret olmad\u0131\u011f\u0131n\u0131 ke\u015ffedip Psikoloji, Anatomi, Matematik, Fizik ve Geometri bran\u015flar\u0131nda bir \u00e7ok makale yazm\u0131\u015f olan Laz Coach ayn\u0131 zamanda bu bran\u015flar\u0131 boksta etkili bir \u015fekilde kullanarak sporcular\u0131n k\u0131sa s\u00fcrede \u00f6nemli sonu\u00e7lar elde etmesini sa\u011flam\u0131\u015ft\u0131r. T\u00fcrkiye \u00e7ap\u0131nda ismini duyurmay\u0131 ba\u015farm\u0131\u015f bir antren\u00f6r olarak \u015fuan Eski\u015fehirde hizmet vermektedir. Bu konuda ki arg\u00fcmanlar 152.000 \u00fczerinde takip\u00e7isi olan laz.coach Instagram hesab\u0131nda mevcuttur.<\/p><p>G\u00fcncellenmeyen her\u015feyin kaybetmeye mahkum oldu\u011funu s\u00f6yleyen ve &#8220;dedelerden \u00f6\u011frenilen torunlara \u00f6\u011fretilemez&#8221; s\u00f6z\u00fc ile bu konuda ki fikrini a\u00e7\u0131klayan Laz Coach gelenek\u00e7i de\u011fil yenilik\u00e7i bir sistem ile bokstan hem keyif alman\u0131z\u0131 hem de k\u0131sa s\u00fcrede boksta ba\u015far\u0131l\u0131 say\u0131labilecek d\u00fczeyde tekni\u011fe sahip olman\u0131z\u0131 sa\u011flayacakt\u0131r.<\/p><p>\u0130nsanlar\u0131n bu spora ve e\u011fitmenlerine \u00f6nyarg\u0131 ile bakmas\u0131na sebep olan, ba\u015fta ileti\u015fim ve yakla\u015f\u0131m olmak \u00fczere bir \u00e7ok konuyu g\u00f6zlemlemi\u015f ve bu konularda da en iyi olmak \u00fczere kendini geli\u015ftirmi\u015ftir. Sadece fiziksel de\u011fil ayn\u0131 zamanda mental olarak da sporcular\u0131n\u0131 en \u00fcst seviyeye ta\u015f\u0131maya odakl\u0131 olan Laz Coach sporcular\u0131n g\u00fcnl\u00fck ya\u015famlar\u0131nda da radikal de\u011fi\u015fikliklerin bir par\u00e7as\u0131 olmaktad\u0131r.<\/p><p>Odak, alg\u0131, eksik \u00f6zg\u00fcven, ritim ka\u00e7\u0131rma gibi en ciddi durumlarda dahi sonu\u00e7 almak i\u00e7in (laz mucit) mahlas\u0131 ile \u015fahs\u0131na m\u00fcnhas\u0131r y\u00fczlerce \u00e7al\u0131\u015fma ve metod olu\u015fturmu\u015ftur. Uzun y\u0131llar s\u00fcren bilgi, birikim ve tecr\u00fcbe ile olu\u015fturdu\u011fu, ritim, kodlama ve i\u00e7g\u00fcd\u00fc kazanman\u0131z\u0131 sa\u011flayacak kombinasyonlar ile ilk dersten itibaren ba\u015far\u0131y\u0131 hissettirerek motivasyonunuzu y\u00fckseltecektir. &#8220;\u00c7\u00fcnk\u00fc Laz Coach&#8217;a g\u00f6re ba\u015far\u0131 en zoru en kolay \u015fekilde \u00f6\u011fretmektir&#8221;<\/p><p>Kilo verme, kilo alma, mental rahatlama, g\u00fc\u00e7 &#8211; \u00f6zg\u00fcven y\u00fckseltme ve m\u00fcsabaka gibi konularda ki\u015filerin iste\u011fine odaklanarak tek bir \u00e7al\u0131\u015fmay\u0131 herkeste kullanan de\u011fil ki\u015filerin alg\u0131 ve iste\u011fi do\u011frultusunda ki maksimum verime odaklan\u0131lan \u00e7al\u0131\u015fmalar yapmaktad\u0131r. Ayn\u0131 zamanda;<\/p><p>&#8220;-Ak\u0131\u015f\u0131na b\u0131rakma, y\u00f6net!<\/p><p>-Bir mucize ya da kurtar\u0131c\u0131 bekleme h\u00fckmet!<\/p><p>-Hatay\u0131 basitle\u015ftirip g\u00f6rmezden gelme, kusursuza odaklan!<\/p><p>-Beynini kurcalayan \u015feylere g\u00f6z yumma \u00e7\u00f6z\u00fcme odaklan.<\/p><p>-Hata yapt\u0131\u011f\u0131nda kendine k\u0131zmak g\u00fcnah \u00e7\u0131karmakt\u0131r, bu hatay\u0131 tekrarlama rahatl\u0131\u011f\u0131 verir.<\/p><p>-Her\u015fey istedi\u011fin gibi de\u011filse \u015fikayet etmek yerine al\u0131\u015fkanl\u0131klar\u0131n\u0131 de\u011fi\u015ftir.<\/p><p>-Geli\u015fmek istiyorsan kendini tekrarlama, ayn\u0131 \u015feyleri yap\u0131p farkl\u0131 sonu\u00e7lar bekleme!<\/p><p>-Hata yapmaktan korkma fakat ayn\u0131 hatay\u0131 tekrarlamak yerine farkl\u0131 hatalar yap, do\u011fru ancak b\u00f6yle tecr\u00fcbe edilir. &#8220;<\/p><p>Gibi insan psikolojisine y\u00f6nelik ba\u015fl\u0131klar ile sporcular\u0131n mental k\u0131r\u0131lma noktalar\u0131 yakalamalar\u0131n\u0131 sa\u011flayarak g\u00fcnl\u00fck hayattaki ba\u015far\u0131 art\u0131\u015flar\u0131 konusunda da olumlu d\u00f6n\u00fc\u015fler almaktad\u0131r. Laz Coach sadece boks odakl\u0131 de\u011fil mental olarak da ba\u015far\u0131, bilgi ve tecr\u00fcbelerini sporcular\u0131na aktarmay\u0131 ama\u00e7lamaktad\u0131r.<\/p><p>(Bu yaz\u0131lar\u0131 Laz Coach yani benim ikinci bir anlat\u0131c\u0131 dilinden yazd\u0131\u011f\u0131m a\u015fikar ve ben her zaman \u015funa inan\u0131r\u0131m, bir insan bir konuda kendini \u00f6v\u00fcyorsa o konuda yetersizdir. Fakat benim de\u011findi\u011fim konulara dikkatle bakarsan\u0131z anlars\u0131n\u0131z ki bu konularda olumlu d\u00f6n\u00fc\u015f ve sonu\u00e7 olmadan bu konular\u0131 analiz etmek m\u00fcmk\u00fcn de\u011fildir. Benim \u00f6\u011frencim olacak ki\u015filerin samimiyetimi anlamalar\u0131 ad\u0131na b\u00f6yle bir dip not d\u00fc\u015fme gere\u011fi duydum. Sevgiler.<\/p><p>-Laz Coach)<\/p><p><img loading=\"lazy\" decoding=\"async\" src=\"https:\/\/lazcoachboxing.com.tr\/wp-content\/uploads\/2021\/12\/icon-img1.png\" alt=\"b\" width=\"29\" height=\"24\" \/><\/p><h4 style=\"color: #ffffff;\">\u00a0<\/h4><p><img loading=\"lazy\" decoding=\"async\" src=\"https:\/\/lazcoachboxing.com.tr\/wp-content\/uploads\/2021\/12\/content-img1.jpg\" sizes=\"auto, (max-width: 1300px) 100vw, 1300px\" srcset=\"https:\/\/lazcoachboxing.com.tr\/wp-content\/uploads\/2021\/12\/content-img1.jpg 1300w, https:\/\/lazcoachboxing.com.tr\/wp-content\/uploads\/2021\/12\/content-img1-300x169.jpg 300w, https:\/\/lazcoachboxing.com.tr\/wp-content\/uploads\/2021\/12\/content-img1-1024x576.jpg 1024w, https:\/\/lazcoachboxing.com.tr\/wp-content\/uploads\/2021\/12\/content-img1-768x432.jpg 768w, https:\/\/lazcoachboxing.com.tr\/wp-content\/uploads\/2021\/12\/content-img1-600x337.jpg 600w\" alt=\"B\" width=\"1300\" height=\"731\" \/><\/p><p><img loading=\"lazy\" decoding=\"async\" src=\"https:\/\/lazcoachboxing.com.tr\/wp-content\/uploads\/2021\/12\/content-img2.jpg\" sizes=\"auto, (max-width: 1300px) 100vw, 1300px\" srcset=\"https:\/\/lazcoachboxing.com.tr\/wp-content\/uploads\/2021\/12\/content-img2.jpg 1300w, https:\/\/lazcoachboxing.com.tr\/wp-content\/uploads\/2021\/12\/content-img2-300x166.jpg 300w, https:\/\/lazcoachboxing.com.tr\/wp-content\/uploads\/2021\/12\/content-img2-1024x568.jpg 1024w, https:\/\/lazcoachboxing.com.tr\/wp-content\/uploads\/2021\/12\/content-img2-768x426.jpg 768w, https:\/\/lazcoachboxing.com.tr\/wp-content\/uploads\/2021\/12\/content-img2-600x333.jpg 600w\" alt=\"B\" width=\"1300\" height=\"721\" \/><\/p>\t\t\t\t\t\t<\/div>\n\t\t\t\t<\/div>\n\t\t\t\t\t<\/div>\n\t\t<\/div>\n\t\t\t\t\t\t\t<\/div>\n\t\t<\/section>\n\t\t\t\t\t\t\t<\/div>\n\t\t","protected":false},"excerpt":{"rendered":"<p>B\u0130YOGRAF\u0130 Aslen Trabzonlu olan Laz Coach 20.000 saatin \u00fczerinde antren\u00f6rl\u00fck tecr\u00fcbesine sahip ve binlerce sporcu yeti\u015ftirmi\u015ftir. Boksun sadece fiziksel etki &#8211; tepkiden ibaret olmad\u0131\u011f\u0131n\u0131 ke\u015ffedip Psikoloji, Anatomi, Matematik, Fizik ve Geometri bran\u015flar\u0131nda bir \u00e7ok makale yazm\u0131\u015f olan Laz Coach ayn\u0131 zamanda bu bran\u015flar\u0131 boksta etkili bir \u015fekilde kullanarak sporcular\u0131n k\u0131sa s\u00fcrede \u00f6nemli sonu\u00e7lar elde etmesini [&hellip;]<\/p>\n","protected":false},"author":1,"featured_media":0,"parent":0,"menu_order":0,"comment_status":"closed","ping_status":"closed","template":"","meta":{"footnotes":""},"class_list":["post-1161","page","type-page","status-publish","hentry"],"_links":{"self":[{"href":"https:\/\/lazcoachboxing.com.tr\/index.php\/wp-json\/wp\/v2\/pages\/1161","targetHints":{"allow":["GET"]}}],"collection":[{"href":"https:\/\/lazcoachboxing.com.tr\/index.php\/wp-json\/wp\/v2\/pages"}],"about":[{"href":"https:\/\/lazcoachboxing.com.tr\/index.php\/wp-json\/wp\/v2\/types\/page"}],"author":[{"embeddable":true,"href":"https:\/\/lazcoachboxing.com.tr\/index.php\/wp-json\/wp\/v2\/users\/1"}],"replies":[{"embeddable":true,"href":"https:\/\/lazcoachboxing.com.tr\/index.php\/wp-json\/wp\/v2\/comments?post=1161"}],"version-history":[{"count":16,"href":"https:\/\/lazcoachboxing.com.tr\/index.php\/wp-json\/wp\/v2\/pages\/1161\/revisions"}],"predecessor-version":[{"id":6095,"href":"https:\/\/lazcoachboxing.com.tr\/index.php\/wp-json\/wp\/v2\/pages\/1161\/revisions\/6095"}],"wp:attachment":[{"href":"https:\/\/lazcoachboxing.com.tr\/index.php\/wp-json\/wp\/v2\/media?parent=1161"}],"curies":[{"name":"wp","href":"https:\/\/api.w.org\/{rel}","templated":true}]}}